{"id":10591,"date":"2023-04-22T17:50:11","date_gmt":"2023-04-22T15:50:11","guid":{"rendered":"https:\/\/anticasicopoli.it\/politica-de-privacidad\/"},"modified":"2023-07-11T20:48:28","modified_gmt":"2023-07-11T18:48:28","slug":"politica-de-privacidad","status":"publish","type":"page","link":"https:\/\/anticasicopoli.it\/es\/politica-de-privacidad\/","title":{"rendered":"Pol\u00edtica de privacidad"},"content":{"rendered":"<p>Bienvenido a nuestro sitio web anticasicopoli.it (el Sitio).<br \/>\nSu privacidad y la seguridad de sus datos personales son muy importantes para nosotros.<br \/>\nTratamos sus datos personales con el m\u00e1ximo cuidado y tomamos medidas espec\u00edficas para mantenerlos a salvo. Por<br \/>\nA continuaci\u00f3n encontrar\u00e1 nuestra &#8216;Pol\u00edtica de privacidad&#8217; y &#8216;Pol\u00edtica de cookies&#8217;, que contienen informaci\u00f3n detallada<br \/>\ninformaci\u00f3n sobre el tratamiento de datos personales y las condiciones relativas a nuestros servicios.<\/p>\n<p><strong>1. 1. Informaci\u00f3n general<\/strong><\/p>\n<p>\u00bfQui\u00e9n es el responsable del tratamiento?<br \/>\nl responsable del tratamiento, es decir, la persona que decide c\u00f3mo y por qu\u00e9 tratar sus datos personales, es:<\/p>\n<p><strong>ANTICA SICOPOLI S.R.L.<\/strong><br \/>\nVia Sicopoli 4, 81041 (CE) Italia.<br \/>\n81041 Bellona (CE)<br \/>\nN\u00famero de IVA: 02704070610<\/p>\n<p>Correo electr\u00f3nico: <a href=\"mailto:info@anticasicopoli.it\">info@anticasicopoli.it<\/a><br \/>\nTel\u00e9fono: +39 0823 960158<br \/>\nPuede ponerse en contacto con ANTICA SICOPOLI S.R.L. escribiendo a la direcci\u00f3n arriba indicada con el asunto &#8220;privacidad&#8221; o puede<br \/>\nllame al +39 0823 960158. anticasicopoli.it es un proyecto de ANTICA SICOPOLI S.R.L..<\/p>\n<p><strong>\u00bfQui\u00e9n es el procesador de datos?<br \/>\n<\/strong>El Responsable del Tratamiento, a quien puede dirigirse para ejercer sus derechos en virtud del art.<br \/>\n12 del GDPR 2016\/679 y\/o para cualquier aclaraci\u00f3n sobre protecci\u00f3n de datos, puede ponerse en contacto enviando a<br \/>\nun correo electr\u00f3nico a info@anticasicopoli.it.<\/p>\n<p><strong>2. \u00bfQu\u00e9 datos personales recogemos?<\/strong><br \/>\nCuando navegas o te registras en anticasicopoli.it, anticasicopoli.it recoge y procesa datos personales<br \/>\nnecesarias para concluir y ejecutar su solicitud en anticasicopoli.it,<br \/>\ndirecci\u00f3n de correo electr\u00f3nico, direcci\u00f3n de env\u00edo, direcci\u00f3n de facturaci\u00f3n y n\u00famero de tel\u00e9fono;<br \/>\nRecopilamos informaci\u00f3n sobre su navegaci\u00f3n en anticasicopoli.it de forma an\u00f3nima, como las p\u00e1ginas<br \/>\nque visita y c\u00f3mo interact\u00faa con cada p\u00e1gina, y guardamos esta informaci\u00f3n en nuestros servidores. Ti<br \/>\nle informamos de que anticasicopoli.it no trata datos personales relativos a menores de edad. Si accede a<br \/>\nanticasicopoli.it y utilizar los servicios ofrecidos por anticasicopoli.it usted declara que es mayor de edad.<\/p>\n<p><strong>3. \u00bfC\u00f3mo utilizamos los datos personales recogidos?<br \/>\n<\/strong>anticasicopoli.it recoge y procesa sus datos personales para los siguientes fines:<br \/>\n&#8211; concluir y ejecutar solicitudes sobre productos y\/o servicios ofrecidos en anticasicopoli.it;<br \/>\n&#8211; prestaci\u00f3n de los servicios ofrecidos en anticasicopoli.it. Para ello, anticasicopoli.it necesita<br \/>\nrecoger, en relaci\u00f3n con cada servicio y sus caracter\u00edsticas, los datos personales necesarios para la<br \/>\nla prestaci\u00f3n del servicio solicitado;<br \/>\n&#8211; tramitaci\u00f3n de solicitudes a nuestras oficinas, que utilizan los datos personales que usted nos facilita para cumplir con la<br \/>\nsus solicitudes de informaci\u00f3n y asistencia;<br \/>\n&#8211; env\u00edo del CV. Env\u00edenos su CV para que le tengamos en cuenta para un puesto vacante,<br \/>\nutilizaremos la informaci\u00f3n contenida en su CV exclusivamente para ese fin. Su CV se conservar\u00e1 durante un<br \/>\nperiodo m\u00e1ximo de seis meses, transcurrido el cual se eliminar\u00e1: si lo desea, puede enviarnos una nueva versi\u00f3n<br \/>\nactualizado;<br \/>\n&#8211; an\u00e1lisis estad\u00edsticos y encuestas. Utilizamos cierta informaci\u00f3n sobre su uso del Sitio para realizar an\u00e1lisis<br \/>\ny encuestas estad\u00edsticas con el fin de mejorar nuestra oferta y nuestros servicios;<br \/>\n&#8211; env\u00edo de comunicaciones comerciales y promocionales tras la compra de uno de nuestros productos o servicios. Ti<br \/>\nenviaremos a la direcci\u00f3n de correo electr\u00f3nico que nos haya facilitado comunicaciones con nuestras propuestas comerciales sobre<br \/>\nproductos y servicios relacionados;<br \/>\n&#8211; con su consentimiento expreso, podemos utilizar los datos de contacto que nos ha facilitado para comunicaciones de naturaleza<br \/>\ncomercial sobre nuestros productos y servicios, con el fin de ponerle al d\u00eda sobre nuevas llegadas, productos<br \/>\nofertas y promociones exclusivas. Adem\u00e1s, de nuevo con su consentimiento, podemos utilizar su<br \/>\ncontactos en el contexto de la realizaci\u00f3n de estudios de mercado y encuestas de satisfacci\u00f3n<br \/>\npara mejorar nuestros servicios y la relaci\u00f3n con nuestros usuarios. Estas comunicaciones tendr\u00e1n lugar<br \/>\nexclusivamente de la forma que usted elija.<br \/>\nEn caso de que no desee recibir m\u00e1s comunicaciones de anticasicopoli.it o desee limitar la<br \/>\ncon quien desea que nos pongamos en contacto, puede interrumpir estas comunicaciones en cualquier momento haciendo clic en el bot\u00f3n<br \/>\nenlace &#8220;darse de baja&#8221; al final de cada comunicaci\u00f3n o poni\u00e9ndose en contacto con anticasicopoli.it llamando al tel\u00e9fono<br \/>\n+39 0823 960158 o escribiendo a info@anticasicopoli.it indicando &#8220;privacidad&#8221; en el asunto.<br \/>\nTenga en cuenta que puede recibir m\u00e1s comunicaciones nuestras incluso despu\u00e9s de haber enviado su<br \/>\nsolicitud de baja, ya que algunos env\u00edos pueden estar ya programados y nuestros sistemas<br \/>\npuede tardar alg\u00fan tiempo en ejecutar su solicitud. En relaci\u00f3n con todas las actividades anteriores,<br \/>\ntrataremos sus datos personales principalmente mediante herramientas inform\u00e1ticas y electr\u00f3nicas; las herramientas<br \/>\nque utilizamos garantizan un alto nivel de seguridad, en pleno cumplimiento de la legislaci\u00f3n vigente en<br \/>\nasunto.<\/p>\n<p><strong>4<\/strong><strong>. Base jur\u00eddica del tratamiento<\/strong><br \/>\nS\u00f3lo tratamos sus datos personales si se cumple al menos una de las siguientes condiciones del<br \/>\nlegislaci\u00f3n vigente:<br \/>\n(a) para la celebraci\u00f3n y ejecuci\u00f3n de un contrato en el que usted sea parte.<br \/>\nAl tratar sus datos para la celebraci\u00f3n del contrato de compraventa del que usted es parte, procuramos<br \/>\nutilizar s\u00f3lo la informaci\u00f3n m\u00ednima necesaria para su ejecuci\u00f3n.<\/p>\n<p>Esta base legitima el tratamiento de datos personales que tiene lugar en las siguientes actividades:<br \/>\n&#8211; celebraci\u00f3n y ejecuci\u00f3n de un contrato para la compra de productos y\/o servicios ofrecidos por ANTICA SICOPOLI<br \/>\nS.R.L.;<br \/>\n&#8211; prestaci\u00f3n de los servicios ofrecidos en anticasicopoli.it;<br \/>\n&#8211; tramitaci\u00f3n de sus solicitudes por nuestras oficinas.<br \/>\nEl suministro de sus datos personales para estas actividades es una obligaci\u00f3n contractual. Puede comunicarse con nosotros o<br \/>\nmenos sus datos, pero sin los datos solicitados no podremos concluir o ejecutar la<br \/>\ncontrato y sus peticiones. Esto significa que no podr\u00e1 comprar los productos y no podr\u00e1 disfrutar de la<br \/>\nservicios de anticasicopoli.it y que anticasicopoli.it no pueda atender sus peticiones.<br \/>\n(b) para cumplir una obligaci\u00f3n legal.<br \/>\nEn caso de celebraci\u00f3n de un contrato de compra de bienes y\/o servicios en anticasicopoli.it, el tratamiento de los<br \/>\nLos datos del usuario se utilizar\u00e1n para cumplir las obligaciones legales de anticasicopoli.it de conformidad con la<br \/>\ndisposiciones fiscales y otras normativas a las que anticasicopoli.it est\u00e1 sujeta. Usted es libre de decidir si concluye<br \/>\nun contrato y si nos facilita o no sus datos, pero si lo celebra, sus datos ser\u00e1n necesarios y se<br \/>\ntratados para cumplir las obligaciones legales mencionadas anteriormente a las que anticasicopoli.it est\u00e1 vinculado.<br \/>\nEl tratamiento de los CV enviados espont\u00e1neamente, realizado para evaluar a los candidatos con respecto a una posible<br \/>\nposici\u00f3n en anticasicopoli.it, es leg\u00edtima en la medida en que est\u00e1 expresamente autorizada por una norma de<br \/>\nla ley, que especifica que en estos casos no se requiere el consentimiento del interesado<br \/>\npersonal. Es libre de facilitarnos o no su CV, pero sin \u00e9l no podremos evaluar su<br \/>\nsolicitud de un puesto de trabajo en anticasicopoli.it.<br \/>\n(c) sobre la base de su consentimiento.<br \/>\nLa realizaci\u00f3n de actividades de marketing y sondeos de opini\u00f3n y estudios de mercado tendr\u00e1 lugar exclusivamente<br \/>\nsi nos ha dado su consentimiento expreso.<br \/>\nFacilitarnos sus datos personales para tales actividades es absolutamente opcional. Usted es libre de facilitarnos o no la<br \/>\nsus datos para estos fines, pero en su ausencia no ser\u00e1 posible que anticasicopoli.it lleve a cabo las actividades<br \/>\nencuestas de marketing y opini\u00f3n y estudios de mercado y an\u00e1lisis de sus h\u00e1bitos.<\/p>\n<p><strong>5<\/strong><strong>. \u00bfQui\u00e9n tratar\u00e1 sus datos?<\/strong><br \/>\nSus datos personales ser\u00e1n tratados por personal interno de anticasicopoli.it especialmente formado y<br \/>\nautorizado para su tratamiento.<br \/>\nSus datos personales tambi\u00e9n se transmitir\u00e1n a terceros que utilizamos para prestar nuestros servicios.<br \/>\nservicios; estas entidades han sido debidamente seleccionadas y ofrecen garant\u00edas adecuadas de cumplimiento de las normas<br \/>\nsobre el tratamiento de datos personales. Estas personas han sido designadas responsables del tratamiento de datos y<br \/>\nllevar a cabo sus actividades de acuerdo con las instrucciones dadas por anticasicopoli.it y bajo su control.<br \/>\nLos terceros en cuesti\u00f3n pertenecen a las siguientes categor\u00edas: operadores bancarios, proveedores de Internet,<br \/>\nempresas especializadas en servicios inform\u00e1ticos y telem\u00e1ticos, empresas de mensajer\u00eda, empresas que realizan actividades de marketing,<br \/>\nempresas especializadas en estudios de mercado y tratamiento de datos.<br \/>\nSus datos podr\u00e1n ser comunicados a la polic\u00eda y a las autoridades judiciales y administrativas, en<br \/>\nde conformidad con la ley, para la detecci\u00f3n y persecuci\u00f3n de delitos penales, la prevenci\u00f3n y protecci\u00f3n frente a<br \/>\namenazas a la seguridad p\u00fablica, para permitir a anticasicopoli.it constatar, ejercer o defender un<br \/>\nderechos ante los tribunales, as\u00ed como por otras razones relacionadas con la protecci\u00f3n de los derechos y libertades de los dem\u00e1s.<\/p>\n<p><strong>6<\/strong><strong>. Transferencia de datos al extranjero<\/strong><br \/>\nLa gesti\u00f3n y almacenamiento de los datos personales tendr\u00e1 lugar en los servidores del Responsable del Tratamiento y\/o de terceras empresas<br \/>\nEncargados de tratamiento externos debidamente designados y situados en la Uni\u00f3n Europea.<\/p>\n<p>Los datos personales podr\u00e1n transferirse al extranjero, de conformidad con la legislaci\u00f3n vigente,<br \/>\nincluso en pa\u00edses no pertenecientes a la Uni\u00f3n Europea. Transferencia a pa\u00edses no pertenecientes a la UE, adem\u00e1s de los casos en que<br \/>\nest\u00e1 garantizada por las Decisiones de Adecuaci\u00f3n de la Comisi\u00f3n, se lleva a cabo de forma que se ofrezcan Garant\u00edas<br \/>\nadecuadas y apropiadas con arreglo a los art\u00edculos 46, 47 y 49 del Reglamento.<\/p>\n<p><strong>7<\/strong><strong>. \u00bfCu\u00e1nto tiempo conservamos los datos?<\/strong><br \/>\nConservamos sus datos personales durante un periodo de tiempo limitado, en funci\u00f3n del tipo de actividad que realice.<br \/>\nprev\u00e9 el tratamiento de sus datos personales.<br \/>\nUna vez transcurrido este plazo, sus datos se suprimir\u00e1n definitivamente o se anonimizar\u00e1n de otro modo mediante<br \/>\nirreversible.<br \/>\nSus datos personales se almacenan de acuerdo con los t\u00e9rminos y criterios especificados a continuaci\u00f3n:<br \/>\n&#8211; datos recogidos para celebrar y ejecutar contratos de bienes o servicios prestados por ANTICA SICOPOLI S.R.L.<br \/>\nse conservar\u00e1 hasta la conclusi\u00f3n de los tr\u00e1mites administrativo-contables. Datos relacionados con la<br \/>\nLas facturas se conservar\u00e1n durante diez a\u00f1os a partir de la fecha de facturaci\u00f3n;<br \/>\n&#8211; se almacenar\u00e1n los datos recogidos en el contexto del uso de los servicios ofrecidos por ANTICA SICOPOLI S.R.L.<br \/>\nhasta la finalizaci\u00f3n del servicio o la cancelaci\u00f3n a petici\u00f3n del usuario;<br \/>\n&#8211; se conservar\u00e1n los datos relativos a las solicitudes de los usuarios a nuestras oficinas que sean \u00fatiles para atenderles<br \/>\nhasta que se satisfaga su solicitud;<br \/>\n&#8211; Los CV se conservar\u00e1n durante seis meses tras su recepci\u00f3n;<br \/>\n&#8211; los datos facilitados para comunicaciones comerciales, encuestas de opini\u00f3n y estudios de mercado ser\u00e1n<br \/>\nconservarse hasta que el usuario solicite su supresi\u00f3n o, en cualquier caso, en un plazo de 2 a\u00f1os<br \/>\ndesde la \u00faltima interacci\u00f3n de cualquier tipo del usuario con anticasicopoli.it;<br \/>\n&#8211; los datos utilizados para personalizar el Sitio y mostrar ofertas comerciales personalizadas ser\u00e1n<br \/>\nconservados hasta que el usuario solicite el cese de la actividad o, en cualquier caso, en los dos a\u00f1os siguientes a la \u00faltima<br \/>\ninteracci\u00f3n del usuario de cualquier tipo con anticasicopoli.it;<br \/>\n&#8211; datos utilizados para la realizaci\u00f3n de estudios de mercado y encuestas para la detecci\u00f3n de<br \/>\nsatisfacci\u00f3n se conservar\u00e1n hasta que el Usuario solicite el cese de la actividad.<br \/>\nEn todo caso, por razones t\u00e9cnicas, la terminaci\u00f3n del tratamiento y la consiguiente cancelaci\u00f3n definitiva o<br \/>\nla anonimizaci\u00f3n irreversible de los datos personales pertinentes ser\u00e1 definitiva en un plazo de 30 d\u00edas a partir de la fecha l\u00edmite<br \/>\narriba.<\/p>\n<p><strong>8<\/strong><strong>. Sus derechos<\/strong><br \/>\nPuede ejercer sus derechos en cualquier momento en relaci\u00f3n con el tratamiento espec\u00edfico de sus datos<br \/>\npor anticasicopoli.it. Las formas de ejercerlas son:<br \/>\n&#8211; Acceda a sus datos y modif\u00edquelos. Tiene derecho a acceder a sus datos personales y a solicitar que sean<br \/>\ncorregida, modificada o completada con otra informaci\u00f3n. Si lo desea, le facilitaremos una copia de sus datos en<br \/>\nnuestra posesi\u00f3n.<br \/>\n&#8211; Retirar su consentimiento. Puede revocar en cualquier momento un consentimiento que haya dado para el tratamiento<br \/>\nde sus datos personales en relaci\u00f3n con cualquier actividad con fines de marketing. A este respecto<br \/>\nrecordar que el env\u00edo de comunicaciones comerciales y promocionales, la<br \/>\nrealizaci\u00f3n de estudios de mercado y encuestas de satisfacci\u00f3n para la personalizaci\u00f3n<br \/>\nde la p\u00e1gina web y ofertas comerciales de acuerdo con sus intereses. Cuando recibamos su solicitud<br \/>\ncesar sin demora el tratamiento de sus datos personales basado en dicho consentimiento, mientras que<br \/>\ntratamientos diferentes o basados en otros supuestos seguir\u00e1n realiz\u00e1ndose con pleno respeto del<br \/>\ndisposiciones vigentes.<br \/>\n&#8211; Oponerse al tratamiento de sus datos. Tiene derecho a oponerse en cualquier momento al tratamiento de sus datos personales.<br \/>\ndatos personales realizados sobre la base de nuestro inter\u00e9s leg\u00edtimo, explicando los motivos que justifican la<br \/>\nsu solicitud; antes de acceder a ella, anticasicopoli.it deber\u00e1 evaluar los motivos de su solicitud.<br \/>\n&#8211; Supresi\u00f3n de tus datos: en los casos previstos por la legislaci\u00f3n vigente, puedes solicitar la supresi\u00f3n de tus<br \/>\ndatos personales. Una vez recibida y examinada su solicitud, si es leg\u00edtima, pondremos fin sin demora a la<br \/>\ntratamiento y supresi\u00f3n de sus datos personales.<br \/>\n&#8211; Solicitar que se restrinja temporalmente el tratamiento de sus datos personales. En tal caso<br \/>\nanticasicopoli.it seguir\u00e1 almacenando sus datos personales pero no los procesar\u00e1, a menos que usted solicite lo contrario.<br \/>\no excepciones previstas por la ley. Puede obtener la restricci\u00f3n del tratamiento cuando impugne la exactitud<br \/>\nde sus datos personales, cuando el tratamiento sea il\u00edcito pero usted se oponga a la supresi\u00f3n de sus datos, cuando<br \/>\nya no necesitamos sus datos pero usted los necesita para ejercer su derecho ante los tribunales, cuando<br \/>\noponerse al tratamiento durante el periodo en que evaluemos los motivos de su solicitud.<br \/>\n&#8211; Solicitar sus datos o transferirlos a un tercero distinto de anticasicopoli.it (&#8220;derecho a la portabilidad de los datos&#8221;).<br \/>\ndatos&#8221;). Puede solicitar que le enviemos los datos que tratamos sobre la base de su consentimiento o sobre la base de un<br \/>\ncontrato con usted en un formato est\u00e1ndar. Si lo desea, cuando sea t\u00e9cnicamente posible, podemos en su<br \/>\nsolicitar la transferencia directa de sus datos a un tercero indicado por usted.<br \/>\nPara ejercer algunos de sus derechos descritos anteriormente, puede ponerse en contacto con nosotros llamando al +39 0823<br \/>\n960158 o escribiendo al responsable del tratamiento de datos arriba indicado especificando &#8220;privacidad&#8221; como asunto. Para garantizar<br \/>\nque los datos de nuestros usuarios no sean violados o utilizados indebidamente por terceros, antes de<br \/>\nal aceptar su solicitud de ejercer uno de los derechos indicados, le pediremos algunos datos para<br \/>\nestar seguro de su identidad.<\/p>\n<p>9<strong>. Medidas de seguridad<\/strong><br \/>\nProtegemos sus datos personales con medidas de seguridad t\u00e9cnicas y organizativas espec\u00edficas para evitar<br \/>\nque sus datos personales puedan utilizarse de forma il\u00edcita o fraudulenta. En particular,<br \/>\nutilizamos medidas de seguridad que garantizan la confidencialidad, integridad y disponibilidad de sus datos,<br \/>\nla resistencia de los sistemas y servicios que los procesan y la capacidad de restaurar los datos en caso de que se produzca un<br \/>\nincumplimiento. Adem\u00e1s, anticasicopoli.it se compromete a probar, verificar y evaluar peri\u00f3dicamente la eficacia de la<br \/>\nmedidas t\u00e9cnicas y organizativas para garantizar la mejora continua de la seguridad del tratamiento.<\/p>\n<p><strong>1<\/strong><strong>0<\/strong><strong>. Quejas<\/strong><br \/>\nSi considera que el tratamiento de sus datos personales se ha llevado a cabo de forma il\u00edcita, puede presentar una<br \/>\nreclamaci\u00f3n ante una de las autoridades de control competentes para el cumplimiento de<br \/>\ndatos personales. En Italia, puede presentarse una denuncia ante el Garante per la Protezione dei Dati Personali.<br \/>\nEncontrar\u00e1 m\u00e1s informaci\u00f3n sobre c\u00f3mo presentarse en el sitio web del Garante: <a href=\"http:\/\/www.garanteprivacy.it\/\">http:\/\/www.garanteprivacy.it.<\/a><\/p>\n<p><strong>1<\/strong><strong>1<\/strong><strong>. Modificaciones del presente anuncio<\/strong><br \/>\nLa constante evoluci\u00f3n de nuestros servicios puede dar lugar a cambios en las caracter\u00edsticas de procesamiento del<br \/>\nsus datos personales seg\u00fan lo descrito anteriormente. En consecuencia, esta pol\u00edtica de privacidad puede estar sujeta a cambios y<br \/>\nadiciones con el tiempo, que tambi\u00e9n pueden ser necesarias en relaci\u00f3n con nuevas intervenciones<br \/>\nlegislaci\u00f3n sobre protecci\u00f3n de datos personales.<br \/>\nPor ello, le invitamos a consultar peri\u00f3dicamente su contenido: si es posible, intentaremos informarle<br \/>\nr\u00e1pidamente sobre los cambios realizados y sus consecuencias.<br \/>\nLa versi\u00f3n actualizada de la pol\u00edtica de privacidad se publicar\u00e1, en cualquier caso, en esta p\u00e1gina, indicando<br \/>\nfecha de su \u00faltima actualizaci\u00f3n.<\/p>\n<p><strong>1<\/strong><strong>2<\/strong><strong>. Referencias jur\u00eddicas y enlaces \u00fatiles<\/strong><br \/>\nEl tratamiento de sus datos personales se lleva a cabo por anticasicopoli.it en pleno cumplimiento de la normativa en materia de<br \/>\nobjeto del Reglamento (UE) 2016\/679 General de Protecci\u00f3n de Datos, las normas en<br \/>\nTratamiento de datos personales en Italia y disposiciones de la autoridad de control italiana<br \/>\n(http:\/\/www.garanteprivacy.it).<\/p>\n<p>\u00daltima actualizaci\u00f3n: 1 de mayo de 2023<\/p>\n","protected":false},"excerpt":{"rendered":"<p>Bienvenido a nuestro sitio web anticasicopoli.it (el Sitio). Su privacidad [&hellip;]<\/p>\n","protected":false},"author":6,"featured_media":0,"parent":0,"menu_order":0,"comment_status":"closed","ping_status":"open","template":"","meta":{"footnotes":""},"class_list":["post-10591","page","type-page","status-publish","hentry"],"yoast_head":"<!-- This site is optimized with the Yoast SEO plugin v20.7 - https:\/\/yoast.com\/wordpress\/plugins\/seo\/ -->\n<title>Pol\u00edtica de privacidad - Ristorante Antica Sicopoli<\/title>\n<meta name=\"robots\" content=\"index, follow, max-snippet:-1, max-image-preview:large, max-video-preview:-1\" \/>\n<link rel=\"canonical\" href=\"https:\/\/anticasicopoli.it\/es\/politica-de-privacidad\/\" \/>\n<meta property=\"og:locale\" content=\"es_ES\" \/>\n<meta property=\"og:type\" content=\"article\" \/>\n<meta property=\"og:title\" content=\"Pol\u00edtica de privacidad - Ristorante Antica Sicopoli\" \/>\n<meta property=\"og:description\" content=\"Bienvenido a nuestro sitio web anticasicopoli.it (el Sitio). Su privacidad [&hellip;]\" \/>\n<meta property=\"og:url\" content=\"https:\/\/anticasicopoli.it\/es\/politica-de-privacidad\/\" \/>\n<meta property=\"og:site_name\" content=\"Ristorante Antica Sicopoli\" \/>\n<meta property=\"article:modified_time\" content=\"2023-07-11T18:48:28+00:00\" \/>\n<meta name=\"twitter:card\" content=\"summary_large_image\" \/>\n<meta name=\"twitter:label1\" content=\"Tiempo de lectura\" \/>\n\t<meta name=\"twitter:data1\" content=\"14 minutos\" \/>\n<script type=\"application\/ld+json\" class=\"yoast-schema-graph\">{\"@context\":\"https:\/\/schema.org\",\"@graph\":[{\"@type\":\"WebPage\",\"@id\":\"https:\/\/anticasicopoli.it\/es\/politica-de-privacidad\/\",\"url\":\"https:\/\/anticasicopoli.it\/es\/politica-de-privacidad\/\",\"name\":\"Pol\u00edtica de privacidad - Ristorante Antica Sicopoli\",\"isPartOf\":{\"@id\":\"https:\/\/anticasicopoli.it\/#website\"},\"datePublished\":\"2023-04-22T15:50:11+00:00\",\"dateModified\":\"2023-07-11T18:48:28+00:00\",\"breadcrumb\":{\"@id\":\"https:\/\/anticasicopoli.it\/es\/politica-de-privacidad\/#breadcrumb\"},\"inLanguage\":\"es\",\"potentialAction\":[{\"@type\":\"ReadAction\",\"target\":[\"https:\/\/anticasicopoli.it\/es\/politica-de-privacidad\/\"]}]},{\"@type\":\"BreadcrumbList\",\"@id\":\"https:\/\/anticasicopoli.it\/es\/politica-de-privacidad\/#breadcrumb\",\"itemListElement\":[{\"@type\":\"ListItem\",\"position\":1,\"name\":\"Home\",\"item\":\"https:\/\/anticasicopoli.it\/es\/\"},{\"@type\":\"ListItem\",\"position\":2,\"name\":\"Pol\u00edtica de privacidad\"}]},{\"@type\":\"WebSite\",\"@id\":\"https:\/\/anticasicopoli.it\/#website\",\"url\":\"https:\/\/anticasicopoli.it\/\",\"name\":\"Ristorante Antica Sicopoli\",\"description\":\"Il Borgo del Gusto\",\"potentialAction\":[{\"@type\":\"SearchAction\",\"target\":{\"@type\":\"EntryPoint\",\"urlTemplate\":\"https:\/\/anticasicopoli.it\/?s={search_term_string}\"},\"query-input\":\"required name=search_term_string\"}],\"inLanguage\":\"es\"}]}<\/script>\n<!-- \/ Yoast SEO plugin. -->","yoast_head_json":{"title":"Pol\u00edtica de privacidad - Ristorante Antica Sicopoli","robots":{"index":"index","follow":"follow","max-snippet":"max-snippet:-1","max-image-preview":"max-image-preview:large","max-video-preview":"max-video-preview:-1"},"canonical":"https:\/\/anticasicopoli.it\/es\/politica-de-privacidad\/","og_locale":"es_ES","og_type":"article","og_title":"Pol\u00edtica de privacidad - Ristorante Antica Sicopoli","og_description":"Bienvenido a nuestro sitio web anticasicopoli.it (el Sitio). Su privacidad [&hellip;]","og_url":"https:\/\/anticasicopoli.it\/es\/politica-de-privacidad\/","og_site_name":"Ristorante Antica Sicopoli","article_modified_time":"2023-07-11T18:48:28+00:00","twitter_card":"summary_large_image","twitter_misc":{"Tiempo de lectura":"14 minutos"},"schema":{"@context":"https:\/\/schema.org","@graph":[{"@type":"WebPage","@id":"https:\/\/anticasicopoli.it\/es\/politica-de-privacidad\/","url":"https:\/\/anticasicopoli.it\/es\/politica-de-privacidad\/","name":"Pol\u00edtica de privacidad - Ristorante Antica Sicopoli","isPartOf":{"@id":"https:\/\/anticasicopoli.it\/#website"},"datePublished":"2023-04-22T15:50:11+00:00","dateModified":"2023-07-11T18:48:28+00:00","breadcrumb":{"@id":"https:\/\/anticasicopoli.it\/es\/politica-de-privacidad\/#breadcrumb"},"inLanguage":"es","potentialAction":[{"@type":"ReadAction","target":["https:\/\/anticasicopoli.it\/es\/politica-de-privacidad\/"]}]},{"@type":"BreadcrumbList","@id":"https:\/\/anticasicopoli.it\/es\/politica-de-privacidad\/#breadcrumb","itemListElement":[{"@type":"ListItem","position":1,"name":"Home","item":"https:\/\/anticasicopoli.it\/es\/"},{"@type":"ListItem","position":2,"name":"Pol\u00edtica de privacidad"}]},{"@type":"WebSite","@id":"https:\/\/anticasicopoli.it\/#website","url":"https:\/\/anticasicopoli.it\/","name":"Ristorante Antica Sicopoli","description":"Il Borgo del Gusto","potentialAction":[{"@type":"SearchAction","target":{"@type":"EntryPoint","urlTemplate":"https:\/\/anticasicopoli.it\/?s={search_term_string}"},"query-input":"required name=search_term_string"}],"inLanguage":"es"}]}},"_links":{"self":[{"href":"https:\/\/anticasicopoli.it\/es\/wp-json\/wp\/v2\/pages\/10591","targetHints":{"allow":["GET"]}}],"collection":[{"href":"https:\/\/anticasicopoli.it\/es\/wp-json\/wp\/v2\/pages"}],"about":[{"href":"https:\/\/anticasicopoli.it\/es\/wp-json\/wp\/v2\/types\/page"}],"author":[{"embeddable":true,"href":"https:\/\/anticasicopoli.it\/es\/wp-json\/wp\/v2\/users\/6"}],"replies":[{"embeddable":true,"href":"https:\/\/anticasicopoli.it\/es\/wp-json\/wp\/v2\/comments?post=10591"}],"version-history":[{"count":1,"href":"https:\/\/anticasicopoli.it\/es\/wp-json\/wp\/v2\/pages\/10591\/revisions"}],"predecessor-version":[{"id":10666,"href":"https:\/\/anticasicopoli.it\/es\/wp-json\/wp\/v2\/pages\/10591\/revisions\/10666"}],"wp:attachment":[{"href":"https:\/\/anticasicopoli.it\/es\/wp-json\/wp\/v2\/media?parent=10591"}],"curies":[{"name":"wp","href":"https:\/\/api.w.org\/{rel}","templated":true}]}}