{"id":10315,"date":"2023-05-11T16:47:35","date_gmt":"2023-05-11T14:47:35","guid":{"rendered":"https:\/\/anticasicopoli.it\/condiciones-generales\/"},"modified":"2023-05-11T16:47:35","modified_gmt":"2023-05-11T14:47:35","slug":"condiciones-generales","status":"publish","type":"page","link":"https:\/\/anticasicopoli.it\/es\/condiciones-generales\/","title":{"rendered":"Condiciones generales"},"content":{"rendered":"<p>Condiciones generales<br \/>\nwww.anticasicopoli.it, Ristorante Antica Sicopoli Srl, C.F y NIF 02704070610, Via Sicopoli 4, 81041 (CE) Italia<br \/>\ncorreo electr\u00f3nico: info@anticasicopoli.it<br \/>\ntel.: +39 0823 960158<br \/>\nLas siguientes Condiciones Generales de Venta regulan la oferta y venta de productos en nuestro sitio web.<\/p>\n<p><strong>1. \u00c1mbito de aplicaci\u00f3n<\/strong><br \/>\n1.1 la venta de productos a trav\u00e9s del Sitio constituye un contrato a distancia regulado por el Cap\u00edtulo I, T\u00edtulo III (Art. 45 y ss.) del Decreto Legislativo n\u00ba. n. 206\/2005 y por el Decreto Legislativo n. 70\/2003, que contiene la regulaci\u00f3n del comercio electr\u00f3nico.<\/p>\n<p>1.2. Las Condiciones Generales de Venta pueden modificarse en cualquier momento. Las modificaciones y\/o nuevas condiciones entrar\u00e1n en vigor en el momento de su publicaci\u00f3n en el Sitio. Por lo tanto, se invita a los usuarios a acceder regularmente a las Condiciones Generales de Venta y a consultar la versi\u00f3n m\u00e1s actualizada de las mismas antes de realizar cualquier compra. Las Condiciones Generales de Venta aplicables son las vigentes en la fecha de env\u00edo de la orden de compra.<\/p>\n<p>1.3. El Restaurador ofrece, en este Sitio, un sistema de reserva de mesas y venta de productos, desarrollando su actividad de comercio electr\u00f3nico frente a consumidores usuarios finales, es decir, cualquier persona f\u00edsica que act\u00fae en el Sitio con fines no relacionados con su propia actividad comercial, empresarial o profesional.<\/p>\n<p>1.4 Las Condiciones Generales de Venta rigen exclusivamente la oferta, la realizaci\u00f3n de reservas y la aceptaci\u00f3n de pedidos de compra de productos dentro de este Sitio, entre los usuarios de este Sitio y el Restaurador-Vendedor, que celebran el contrato a distancia.<\/p>\n<p><strong>2. Acceso al sitio y restricciones subjetivas de pedido<\/strong><br \/>\n2.1 Al realizar un pedido, el usuario\/cliente se compromete a contactar directamente con el Restaurador para asegurarse de que la comida seleccionada para llevar o entregar a domicilio responde a sus necesidades espec\u00edficas y, en particular, a sus posibles alergias y\/o intolerancias alimentarias.<\/p>\n<p>2.2 Al realizar un pedido, el usuario\/cliente acepta y declara que puede proceder a la compra de bebidas alcoh\u00f3licas, cuya venta est\u00e1 prohibida en Italia a menores de 16 a\u00f1os. El Restaurador se reserva el derecho de no concluir o de reducir un pedido que contenga bebidas alcoh\u00f3licas si cree razonablemente que la bebida ha sido comprada por un menor de 16 a\u00f1os.<\/p>\n<p><strong>3. Tramitaci\u00f3n de pedidos y disponibilidad de productos<br \/>\n<\/strong>3.1 Una vez seleccionados los productos de la carta publicada por el Restaurador y facilitada toda la informaci\u00f3n necesaria para realizar el pedido (comida para llevar, entrega, direcci\u00f3n de entrega eventual, selecci\u00f3n de horario, etc.), el Cliente podr\u00e1 enviar el pedido, procediendo al pago, tras comprobar cuidadosamente los datos introducidos.<\/p>\n<p>3.2 Una vez celebrado debidamente el contrato de venta, no ser\u00e1 posible modificarlo, ya que los productos alimenticios se preparan por encargo espec\u00edfico y no pueden almacenarse debido a su r\u00e1pida caducidad.<\/p>\n<p>3.3. Los productos ofrecidos en el sitio son limitados en n\u00famero, por lo que puede ocurrir que el producto no est\u00e9 disponible en el momento de la transmisi\u00f3n de la orden de compra. En caso de indisponibilidad del producto ya pedido, se informar\u00e1 puntualmente al usuario por correo electr\u00f3nico o por tel\u00e9fono. Por lo tanto, el usuario tendr\u00e1 derecho a rescindir el contrato, de conformidad y a efectos del Art. 61, 4\u00ba y 5\u00ba p\u00e1rrafos, del C\u00f3digo de Consumo. Si ya se ha efectuado el pago de la Cantidad Debida, el Restaurador reembolsar\u00e1 el importe sin demora. Este importe se abonar\u00e1 normalmente en el mismo medio de pago utilizado por el usuario para la compra o en el medio diferente acordado entre el usuario y el Restaurador. Los posibles retrasos en el abono pueden depender del banco, del tipo de tarjeta de cr\u00e9dito o de la soluci\u00f3n de pago utilizada.<\/p>\n<p>3.4. En el caso de pedidos relativos a varios productos, si la indisponibilidad afecta s\u00f3lo a algunos de los productos, sin perjuicio de los derechos atribuidos al usuario por la ley y, en particular, por el Cap\u00edtulo XIV del T\u00edtulo II del Libro IV del C\u00f3digo Civil, y sin perjuicio de la aplicaci\u00f3n del Art. 3.3., el Restaurador se lo notificar\u00e1 por correo electr\u00f3nico o por tel\u00e9fono. Por lo tanto, el usuario tendr\u00e1 derecho a rescindir el contrato, limitado al Producto o Productos que hayan dejado de estar disponibles, en virtud y a los efectos del art. 61, 4\u00ba y 5\u00ba p\u00e1rrafos, del C\u00f3digo de Consumo. En caso de que el usuario haga uso del derecho de rescisi\u00f3n previsto en el Art. 61, IV y V p\u00e1rrafos, C\u00f3digo del Consumidor, en relaci\u00f3n con el Producto o Productos que hayan dejado de estar disponibles, o en cualquier caso en que el pago del importe adeudado ya se haya efectuado, el Restaurador reembolsar\u00e1 el importe adeudado en relaci\u00f3n con dicho Producto o Productos, sin demora injustificada. El importe del reembolso se le comunicar\u00e1 por correo electr\u00f3nico o por tel\u00e9fono. Este importe se abonar\u00e1 en el mismo medio de pago utilizado por el usuario para la compra o por cualquier otro medio que acuerden las partes. Los posibles retrasos en el abono pueden depender del banco, del tipo de tarjeta de cr\u00e9dito o de la soluci\u00f3n de pago utilizada. La rescisi\u00f3n de la totalidad del Pedido s\u00f3lo ser\u00e1 posible en caso de car\u00e1cter accesorio evidente y probado de los Productos objeto del Pedido global que hayan dejado de estar disponibles con respecto a los dem\u00e1s Productos disponibles.<\/p>\n<p>3.5. el Restaurador se reserva el derecho de anular el pedido en caso de carga excesiva, acontecimientos adversos o cualquier otra causa, con la consiguiente devoluci\u00f3n de los pagos ya efectuados, tal y como se regula en el art\u00edculo 4.2 siguiente.<\/p>\n<p>3.6. el Restaurador indica una hora estimada para las entregas y recogidas, que puede estar sujeta a cambios en caso de sobrecarga, condiciones meteorol\u00f3gicas y de tr\u00e1fico, cualquier causa ajena al Restaurador, sin garant\u00eda de entrega.<\/p>\n<p>3.7. En caso de rechazo del pago por falta de autorizaci\u00f3n, el Sitio no tramitar\u00e1 ni enviar\u00e1 el pedido al Restaurador.<\/p>\n<p><strong>4. precios y pagos<\/strong><br \/>\n4.1. Si los precios indicados en el men\u00fa on-line son superiores debido a una indicaci\u00f3n inexacta de los mismos, el Restaurador notificar\u00e1 al Cliente esta circunstancia antes de la preparaci\u00f3n del pedido, permitiendo al Cliente desistir si la relaci\u00f3n con el precio real es excesivamente elevada.<br \/>\n4.2. Los pagos pueden efectuarse en efectivo, mediante pago electr\u00f3nico contra reembolso o con tarjeta de cr\u00e9dito o d\u00e9bito. En caso de no ejecuci\u00f3n o anulaci\u00f3n del pedido, tras la autorizaci\u00f3n del pago por parte del banco o del emisor de la tarjeta de cr\u00e9dito\/d\u00e9bito, el pago no se ejecutar\u00e1 y se abonar\u00e1 al Cliente el importe correspondiente. El plazo de reabono depende exclusivamente del banco\/empresa emisora de la tarjeta de pago, sin que el restaurador tenga responsabilidad alguna en caso de retraso.<\/p>\n<p><strong>5. Entrega de los productos adquiridos<\/strong><br \/>\n5.1. La obligaci\u00f3n de entrega se cumple mediante la transferencia de la disponibilidad material de los productos al usuario.<\/p>\n<p>5.2. Corresponde al usuario comprobar el estado del Producto que le ha sido entregado o que ha recogido. Sin perjuicio de que el riesgo de p\u00e9rdida o deterioro de los productos, por causas no imputables al Agente de Catering, se transfiere al usuario en el momento en que \u00e9ste, o un tercero designado por el mismo y distinto del transportista, toma posesi\u00f3n f\u00edsica del Producto, se aconseja al usuario que compruebe el n\u00famero de Productos recibidos y que el embalaje est\u00e1 intacto, sin da\u00f1os, no mojado ni alterado en modo alguno, incluidos los materiales de sellado, y se le invita, en su propio inter\u00e9s, a ponerse en contacto inmediatamente con el Agente de Catering para informar de cualquier anomal\u00eda (por ejemplo, embalaje da\u00f1ado, paquete mojado, productos abiertos) embalaje da\u00f1ado, paquete h\u00famedo, productos abiertos). La recepci\u00f3n de los Productos sin reserva no dar\u00e1 derecho al usuario a emprender acciones legales contra el mensajero y\/o el Agente de Catering en caso de p\u00e9rdida o da\u00f1o de los Productos, salvo cuando la p\u00e9rdida o el da\u00f1o se deban a dolo o negligencia grave del mensajero y salvo en caso de p\u00e9rdida parcial o da\u00f1o no reconocible en el momento de la entrega, siempre que, en este \u00faltimo caso, se comunique el da\u00f1o tan pronto como se tenga conocimiento del mismo. Si el envase presenta signos evidentes de manipulaci\u00f3n o alteraci\u00f3n, tambi\u00e9n se aconseja al usuario que lo notifique inmediatamente al restaurador. En caso de que los productos recibidos difieran de los solicitados, sin previa notificaci\u00f3n y sustituci\u00f3n autorizada al servicio de catering, se aconseja al usuario que lo notifique inmediatamente al servicio de catering.<\/p>\n<p>5.3 Las disposiciones del Art. 61 del C\u00f3digo de Consumo en caso de que el Producto adquirido no se entregue o se entregue dentro de los plazos de entrega indicados durante el proceso de compra y en la confirmaci\u00f3n del pedido (resoluci\u00f3n del contrato).<\/p>\n<p><strong>6. Modalidades de uso del emplazamiento<\/strong><br \/>\n6.1. se permite utilizar el Sitio para fines exclusivamente personales y no comerciales, de conformidad con la legislaci\u00f3n sobre la protecci\u00f3n de los derechos de autor y la propiedad intelectual, en lo que respecta al material publicado en el Sitio y al propio Sitio.<\/p>\n<p>6.2. la empresa de catering no se hace responsable de las suspensiones temporales del funcionamiento del Sitio, incluso sin previo aviso, ni siquiera en caso de mantenimiento o por causas ajenas a la empresa de catering.<\/p>\n<p><strong>7. Retirada<\/strong><br \/>\n7.1. El desistimiento est\u00e1 expresamente excluido por el art. 59 del C\u00f3digo de Consumo (Decreto Legislativo n\u00ba 206\/2005), ya que se trata de pedidos relativos a productos preparados por encargo y de r\u00e1pido deterioro.<\/p>\n<p>7.2. El usuario podr\u00e1, en todo caso, tratar de ponerse en contacto con la Empresa de Restauraci\u00f3n para intentar, sin obligaci\u00f3n contractual al respecto, realizar los cambios deseados y, en su caso, acordar el desistimiento del usuario antes de la elaboraci\u00f3n de los platos, con la consiguiente aplicaci\u00f3n del art\u00edculo 4.2.<\/p>\n<p><strong>8. Responsabilidad<\/strong><br \/>\n8.1. la informaci\u00f3n contenida en los men\u00fas est\u00e1 actualizada y detallada por el servicio de catering, que no se hace responsable de la omisi\u00f3n por parte del cliente, en el momento de hacer el pedido, de comunicar las alergias e intolerancias alimentarias. Si el Cliente, por s\u00ed mismo o por las personas en cuyo nombre realiza el pedido, necesita comprobar los al\u00e9rgenos contenidos en los platos de la carta, se le invita a ponerse en contacto directamente con el Restaurante antes de realizar el pedido, garantizando as\u00ed la ausencia de sustancias capaces de provocar reacciones adversas.<\/p>\n<p><strong>9. Privacidad<\/strong><br \/>\n9.1 Los datos personales de los usuarios-clientes se procesan de conformidad con el Reglamento General de Protecci\u00f3n de Datos n\u00ba. 2016\/679 (GDPR) y la legislaci\u00f3n italiana pertinente. Puede obtener informaci\u00f3n sobre c\u00f3mo tratamos sus datos personales accediendo a la Pol\u00edtica de Privacidad publicada en el Sitio, que forma parte integrante de las presentes Condiciones.<\/p>\n<p><strong>10. Ley aplicable y jurisdicci\u00f3n<\/strong><br \/>\n10.1 Los contratos celebrados entre los usuarios del Sitio y el Restaurador se rigen por la legislaci\u00f3n italiana y, para los Consumidores residentes en Italia, por el Decreto Legislativo n\u00ba 6 de septiembre de 2005. 206 (C\u00f3digo de Consumo), con referencia espec\u00edfica a la normativa sobre contratos a distancia, y por el Decreto Legislativo 9 de abril de 2003 n\u00ba. 70 sobre determinados aspectos del comercio electr\u00f3nico.<\/p>\n<p>10.2 Los usuarios consumidores podr\u00e1n interponer una demanda ante el Tribunal del lugar donde tengan su residencia\/domicilio en Italia. Si el litigio se refiere a usuarios no contemplados en el C\u00f3digo de Consumo, ser\u00e1 exclusivamente competente el tribunal del domicilio social del restaurador.<\/p>\n<p>&nbsp;<\/p>\n<p>&nbsp;<\/p>\n","protected":false},"excerpt":{"rendered":"<p>Condiciones generales www.anticasicopoli.it, Ristorante Antica Sicopoli Srl, C.F y NIF [&hellip;]<\/p>\n","protected":false},"author":6,"featured_media":0,"parent":0,"menu_order":0,"comment_status":"closed","ping_status":"closed","template":"","meta":{"footnotes":""},"class_list":["post-10315","page","type-page","status-publish","hentry"],"yoast_head":"<!-- This site is optimized with the Yoast SEO plugin v20.7 - https:\/\/yoast.com\/wordpress\/plugins\/seo\/ -->\n<title>Condiciones generales - Ristorante Antica Sicopoli<\/title>\n<meta name=\"robots\" content=\"index, follow, max-snippet:-1, max-image-preview:large, max-video-preview:-1\" \/>\n<link rel=\"canonical\" href=\"https:\/\/anticasicopoli.it\/condiciones-generales\/\" \/>\n<meta property=\"og:locale\" content=\"es_ES\" \/>\n<meta property=\"og:type\" content=\"article\" \/>\n<meta property=\"og:title\" content=\"Condiciones generales - Ristorante Antica Sicopoli\" \/>\n<meta property=\"og:description\" content=\"Condiciones generales www.anticasicopoli.it, Ristorante Antica Sicopoli Srl, C.F y NIF [&hellip;]\" \/>\n<meta property=\"og:url\" content=\"https:\/\/anticasicopoli.it\/condiciones-generales\/\" \/>\n<meta property=\"og:site_name\" content=\"Ristorante Antica Sicopoli\" \/>\n<meta name=\"twitter:card\" content=\"summary_large_image\" \/>\n<meta name=\"twitter:label1\" content=\"Tiempo de lectura\" \/>\n\t<meta name=\"twitter:data1\" content=\"10 minutos\" \/>\n<script type=\"application\/ld+json\" class=\"yoast-schema-graph\">{\"@context\":\"https:\/\/schema.org\",\"@graph\":[{\"@type\":\"WebPage\",\"@id\":\"https:\/\/anticasicopoli.it\/condiciones-generales\/\",\"url\":\"https:\/\/anticasicopoli.it\/condiciones-generales\/\",\"name\":\"Condiciones generales - Ristorante Antica Sicopoli\",\"isPartOf\":{\"@id\":\"https:\/\/anticasicopoli.it\/#website\"},\"datePublished\":\"2023-05-11T14:47:35+00:00\",\"dateModified\":\"2023-05-11T14:47:35+00:00\",\"breadcrumb\":{\"@id\":\"https:\/\/anticasicopoli.it\/condiciones-generales\/#breadcrumb\"},\"inLanguage\":\"es\",\"potentialAction\":[{\"@type\":\"ReadAction\",\"target\":[\"https:\/\/anticasicopoli.it\/condiciones-generales\/\"]}]},{\"@type\":\"BreadcrumbList\",\"@id\":\"https:\/\/anticasicopoli.it\/condiciones-generales\/#breadcrumb\",\"itemListElement\":[{\"@type\":\"ListItem\",\"position\":1,\"name\":\"Home\",\"item\":\"https:\/\/anticasicopoli.it\/es\/\"},{\"@type\":\"ListItem\",\"position\":2,\"name\":\"Condiciones generales\"}]},{\"@type\":\"WebSite\",\"@id\":\"https:\/\/anticasicopoli.it\/#website\",\"url\":\"https:\/\/anticasicopoli.it\/\",\"name\":\"Ristorante Antica Sicopoli\",\"description\":\"Il Borgo del Gusto\",\"potentialAction\":[{\"@type\":\"SearchAction\",\"target\":{\"@type\":\"EntryPoint\",\"urlTemplate\":\"https:\/\/anticasicopoli.it\/?s={search_term_string}\"},\"query-input\":\"required name=search_term_string\"}],\"inLanguage\":\"es\"}]}<\/script>\n<!-- \/ Yoast SEO plugin. -->","yoast_head_json":{"title":"Condiciones generales - Ristorante Antica Sicopoli","robots":{"index":"index","follow":"follow","max-snippet":"max-snippet:-1","max-image-preview":"max-image-preview:large","max-video-preview":"max-video-preview:-1"},"canonical":"https:\/\/anticasicopoli.it\/condiciones-generales\/","og_locale":"es_ES","og_type":"article","og_title":"Condiciones generales - Ristorante Antica Sicopoli","og_description":"Condiciones generales www.anticasicopoli.it, Ristorante Antica Sicopoli Srl, C.F y NIF [&hellip;]","og_url":"https:\/\/anticasicopoli.it\/condiciones-generales\/","og_site_name":"Ristorante Antica Sicopoli","twitter_card":"summary_large_image","twitter_misc":{"Tiempo de lectura":"10 minutos"},"schema":{"@context":"https:\/\/schema.org","@graph":[{"@type":"WebPage","@id":"https:\/\/anticasicopoli.it\/condiciones-generales\/","url":"https:\/\/anticasicopoli.it\/condiciones-generales\/","name":"Condiciones generales - Ristorante Antica Sicopoli","isPartOf":{"@id":"https:\/\/anticasicopoli.it\/#website"},"datePublished":"2023-05-11T14:47:35+00:00","dateModified":"2023-05-11T14:47:35+00:00","breadcrumb":{"@id":"https:\/\/anticasicopoli.it\/condiciones-generales\/#breadcrumb"},"inLanguage":"es","potentialAction":[{"@type":"ReadAction","target":["https:\/\/anticasicopoli.it\/condiciones-generales\/"]}]},{"@type":"BreadcrumbList","@id":"https:\/\/anticasicopoli.it\/condiciones-generales\/#breadcrumb","itemListElement":[{"@type":"ListItem","position":1,"name":"Home","item":"https:\/\/anticasicopoli.it\/es\/"},{"@type":"ListItem","position":2,"name":"Condiciones generales"}]},{"@type":"WebSite","@id":"https:\/\/anticasicopoli.it\/#website","url":"https:\/\/anticasicopoli.it\/","name":"Ristorante Antica Sicopoli","description":"Il Borgo del Gusto","potentialAction":[{"@type":"SearchAction","target":{"@type":"EntryPoint","urlTemplate":"https:\/\/anticasicopoli.it\/?s={search_term_string}"},"query-input":"required name=search_term_string"}],"inLanguage":"es"}]}},"_links":{"self":[{"href":"https:\/\/anticasicopoli.it\/es\/wp-json\/wp\/v2\/pages\/10315","targetHints":{"allow":["GET"]}}],"collection":[{"href":"https:\/\/anticasicopoli.it\/es\/wp-json\/wp\/v2\/pages"}],"about":[{"href":"https:\/\/anticasicopoli.it\/es\/wp-json\/wp\/v2\/types\/page"}],"author":[{"embeddable":true,"href":"https:\/\/anticasicopoli.it\/es\/wp-json\/wp\/v2\/users\/6"}],"replies":[{"embeddable":true,"href":"https:\/\/anticasicopoli.it\/es\/wp-json\/wp\/v2\/comments?post=10315"}],"version-history":[{"count":0,"href":"https:\/\/anticasicopoli.it\/es\/wp-json\/wp\/v2\/pages\/10315\/revisions"}],"wp:attachment":[{"href":"https:\/\/anticasicopoli.it\/es\/wp-json\/wp\/v2\/media?parent=10315"}],"curies":[{"name":"wp","href":"https:\/\/api.w.org\/{rel}","templated":true}]}}