{"id":10311,"date":"2023-05-11T16:47:35","date_gmt":"2023-05-11T14:47:35","guid":{"rendered":"https:\/\/anticasicopoli.it\/bedingungen-und-konditionen\/"},"modified":"2023-05-11T16:47:35","modified_gmt":"2023-05-11T14:47:35","slug":"bedingungen-und-konditionen","status":"publish","type":"page","link":"https:\/\/anticasicopoli.it\/de\/bedingungen-und-konditionen\/","title":{"rendered":"Bedingungen und Konditionen"},"content":{"rendered":"<p>Bedingungen und Konditionen<br \/>\nwww.anticasicopoli.it, Ristorante Antica Sicopoli Srl, C.F. und MwSt.-Nr. 02704070610, Via Sicopoli 4, 81041 (CE) Italien<br \/>\nE-Mail: info@anticasicopoli.it<br \/>\nTel: +39 0823 960158<br \/>\nDie folgenden Allgemeinen Verkaufsbedingungen regeln das Angebot und den Verkauf von Produkten auf unserer Website.<\/p>\n<p><strong>1. Anwendungsbereich<\/strong><br \/>\n1.1 Der Verkauf von Produkten \u00fcber die Website stellt einen Fernabsatzvertrag dar, der unter Kapitel I, Titel III (Art. 45 ff.) des Gesetzesdekrets Nr. n. 206\/2005 und durch das Decreto Legislativo n. 70\/2003, die die Regelung des elektronischen Gesch\u00e4ftsverkehrs enth\u00e4lt.<\/p>\n<p>1.2. Die Allgemeinen Verkaufsbedingungen k\u00f6nnen jederzeit ge\u00e4ndert werden. Alle \u00c4nderungen und\/oder neuen Bedingungen gelten ab dem Zeitpunkt ihrer Ver\u00f6ffentlichung auf der Website. Die Nutzer werden daher aufgefordert, die Allgemeinen Verkaufsbedingungen regelm\u00e4\u00dfig einzusehen und vor jedem Kauf die aktuellste Fassung der Allgemeinen Verkaufsbedingungen zu konsultieren. Es gelten die Allgemeinen Verkaufsbedingungen, die am Tag der Absendung der Bestellung in Kraft sind.<\/p>\n<p>1.3. Der Gastronom bietet auf dieser Website ein Tischreservierungssystem und den Verkauf von Produkten an, wobei er seine E-Commerce-T\u00e4tigkeit gegen\u00fcber Endverbrauchern aus\u00fcbt, d.h. gegen\u00fcber jeder nat\u00fcrlichen Person, die auf der Website zu Zwecken handelt, die nicht mit ihrer eigenen kommerziellen, unternehmerischen oder beruflichen T\u00e4tigkeit zusammenh\u00e4ngen.<\/p>\n<p>1.4 Die Allgemeinen Verkaufsbedingungen regeln ausschlie\u00dflich das Angebot, die Reservierung und die Annahme von Bestellungen von Produkten innerhalb dieser Website zwischen den Nutzern dieser Website und dem Restaurator-Verk\u00e4ufer, die den Fernabsatzvertrag abschlie\u00dfen.<\/p>\n<p><strong>2. Zugang zur Website und subjektive Bestellbeschr\u00e4nkungen<\/strong><br \/>\n2.1 Mit seiner Bestellung verpflichtet sich der Nutzer\/Kunde, sich direkt mit dem Gastronomen in Verbindung zu setzen, um sicherzustellen, dass die ausgew\u00e4hlten Speisen zum Mitnehmen oder f\u00fcr die Lieferung nach Hause seinen spezifischen Bed\u00fcrfnissen und insbesondere eventuellen Lebensmittelallergien und\/oder -unvertr\u00e4glichkeiten entsprechen.<\/p>\n<p>2.2 Mit der Bestellung akzeptiert und erkl\u00e4rt der Nutzer\/Kunde, dass er mit dem Kauf von alkoholischen Getr\u00e4nken fortfahren kann, deren Verkauf in Italien an Personen unter 16 Jahren verboten ist. Der Gastronom beh\u00e4lt sich das Recht vor, eine Bestellung, die alkoholische Getr\u00e4nke enth\u00e4lt, nicht abzuschlie\u00dfen oder zu k\u00fcrzen, wenn er Grund zu der Annahme hat, dass das Getr\u00e4nk von einer Person unter 16 Jahren gekauft wurde.<\/p>\n<p><strong>3. Auftragsabwicklung und Produktverf\u00fcgbarkeit<br \/>\n<\/strong>3.1 Nach der Auswahl der Produkte aus der vom Gastronomen ver\u00f6ffentlichten Speisekarte und der Angabe aller f\u00fcr die Bestellung erforderlichen Informationen (Mitnahme, Lieferung, Lieferadresse, Uhrzeit usw.) hat der Kunde die M\u00f6glichkeit, nach sorgf\u00e4ltiger Pr\u00fcfung der eingegebenen Daten die Bestellung abzusenden und die Zahlung vorzunehmen.<\/p>\n<p>3.2 Nach dem ordnungsgem\u00e4\u00dfen Abschluss des Kaufvertrags ist es nicht m\u00f6glich, diesen zu \u00e4ndern, da die Lebensmittel auf besonderen Wunsch zubereitet werden und aufgrund ihres schnellen Verfallsdatums nicht gelagert werden k\u00f6nnen.<\/p>\n<p>3.3. Die auf der Website angebotenen Produkte sind in ihrer Anzahl begrenzt und es kann daher vorkommen, dass das Produkt zum Zeitpunkt der \u00dcbermittlung der Bestellung nicht mehr verf\u00fcgbar ist. Im Falle der Nichtverf\u00fcgbarkeit des bereits bestellten Produkts wird der Nutzer unverz\u00fcglich per E-Mail oder Telefon informiert. Der Nutzer hat daher das Recht, den Vertrag gem\u00e4\u00df und im Sinne von Art. 61, 4. und 5. Absatz, des Verbraucherschutzgesetzes. Ist die Zahlung des geschuldeten Betrags bereits erfolgt, so hat der Gastwirt den Betrag unverz\u00fcglich zu erstatten. Dieser Betrag wird in der Regel auf demselben Zahlungsmittel gutgeschrieben, das der Nutzer f\u00fcr den Kauf verwendet hat, oder auf einem anderen zwischen dem Nutzer und dem Restaurator vereinbarten Zahlungsmittel. M\u00f6gliche Verz\u00f6gerungen bei der Gutschrift k\u00f6nnen von der Bank, der Art der Kreditkarte oder der verwendeten Zahlungsl\u00f6sung abh\u00e4ngen.<\/p>\n<p>3.4. Bezieht sich die Nichtverf\u00fcgbarkeit bei Bestellungen mehrerer Produkte nur auf einen Teil der Produkte, so bleiben die Rechte des Nutzers aus dem Gesetz, insbesondere aus Kapitel XIV des Titels II des Vierten Buches des B\u00fcrgerlichen Gesetzbuches, und die Anwendung von Art. 3.3. benachrichtigt der Gastwirt Sie per E-Mail oder telefonisch. Der Nutzer hat daher das Recht, den Vertrag zu k\u00fcndigen, beschr\u00e4nkt auf das\/die Produkt(e), das\/die nicht mehr verf\u00fcgbar ist\/sind, gem\u00e4\u00df und im Sinne von Art. 61, 4. und 5. Absatz, des Verbraucherschutzgesetzes. Macht der Nutzer von seinem K\u00fcndigungsrecht nach Art. 61, IV und V, Verbrauchergesetzbuch, in Bezug auf das\/die Produkt(e), das\/die nicht mehr verf\u00fcgbar ist\/sind, oder in jedem Fall, wenn die Zahlung des geschuldeten Betrags bereits erfolgt ist, erstattet der Gastronom den geschuldeten Betrag f\u00fcr dieses\/diese Produkt(e) unverz\u00fcglich. Die H\u00f6he der R\u00fcckerstattung wird Ihnen per E-Mail oder telefonisch mitgeteilt. Dieser Betrag wird demselben Zahlungsmittel gutgeschrieben, das der Nutzer f\u00fcr den Kauf verwendet hat, oder auf eine andere zwischen den Parteien vereinbarte Weise. M\u00f6gliche Verz\u00f6gerungen bei der Gutschrift k\u00f6nnen von der Bank, der Art der Kreditkarte oder der verwendeten Zahlungsl\u00f6sung abh\u00e4ngen. Die K\u00fcndigung des Gesamtauftrags ist nur m\u00f6glich, wenn die vom Gesamtauftrag erfassten Produkte offensichtlich und nachweislich f\u00fcr die anderen verf\u00fcgbaren Produkte nicht mehr verf\u00fcgbar sind.<\/p>\n<p>3.5. Der Gastronom beh\u00e4lt sich das Recht vor, die Bestellung bei \u00dcberlastung, widrigen Ereignissen oder aus anderen Gr\u00fcnden zu stornieren, mit der Folge, dass bereits geleistete Zahlungen zur\u00fcckerstattet werden, wie in Artikel 4.2 unten geregelt.<\/p>\n<p>3.6. der Gastronom gibt eine voraussichtliche Zeit f\u00fcr die Lieferung und Abholung an, die sich im Falle von \u00dcberlastung, Wetter- und Verkehrsbedingungen oder aus anderen Gr\u00fcnden, auf die der Gastronom keinen Einfluss hat, \u00e4ndern kann, ohne dass eine Garantie f\u00fcr die Lieferung \u00fcbernommen wird.<\/p>\n<p>3.7. Im Falle einer Zahlungsverweigerung wegen fehlender Autorisierung wird die Website die Bestellung nicht bearbeiten und an den Gastronomen weiterleiten.<\/p>\n<p><strong>4. Preisgestaltung und Zahlungen<\/strong><br \/>\n4.1. Wenn die auf der Online-Speisekarte angegebenen Preise aufgrund einer ungenauen Angabe h\u00f6her sind, wird der Gastronom den Kunden vor der Bestellung auf diesen Umstand hinweisen und dem Kunden die M\u00f6glichkeit geben, vom Vertrag zur\u00fcckzutreten, wenn das Verh\u00e4ltnis zum tats\u00e4chlichen Preis zu hoch ist.<br \/>\n4.2. Die Zahlungen k\u00f6nnen in bar, per Nachnahme, per Kredit- oder Debitkarte erfolgen. Im Falle der Nichtausf\u00fchrung oder Stornierung des Auftrags nach der Autorisierung der Zahlung durch die Bank oder den Kredit-\/Debitkartenaussteller wird die Zahlung nicht ausgef\u00fchrt und dem Kunden wird der entsprechende Betrag gutgeschrieben. Der Zeitpunkt der erneuten Gutschrift h\u00e4ngt ausschlie\u00dflich von der Bank\/dem Unternehmen ab, die\/das die Zahlungskarte ausgestellt hat, ohne dass der Gastwirt im Falle einer Verz\u00f6gerung haftet.<\/p>\n<p><strong>5. Lieferung der gekauften Produkte<\/strong><br \/>\n5.1. Die Lieferpflicht wird durch die \u00dcbergabe der materiellen Verf\u00fcgbarkeit der Produkte an den Nutzer erf\u00fcllt.<\/p>\n<p>5.2. Es ist Sache des Benutzers, den Zustand des ihm gelieferten oder von ihm abgeholten Produkts zu \u00fcberpr\u00fcfen. Unbeschadet der Tatsache, da\u00df das Risiko des Verlusts oder der Besch\u00e4digung der Produkte aus Gr\u00fcnden, die nicht dem HOGA-Agenten zuzuschreiben sind, auf den Benutzer \u00fcbergeht, wenn der Benutzer oder ein von ihm benannter Dritter, der nicht der Bef\u00f6rderer ist, das Produkt physisch in Besitz nimmt, wird dem Benutzer empfohlen, die Anzahl der erhaltenen Produkte und die Unversehrtheit, Unversehrtheit, N\u00e4sse oder Ver\u00e4nderung der Verpackung, einschlie\u00dflich des Verschlu\u00dfmaterials, zu \u00fcberpr\u00fcfen, und er wird aufgefordert, sich im eigenen Interesse unverz\u00fcglich mit dem HOGA-Agenten in Verbindung zu setzen, um eventuelle Anomalien zu melden (z. B. besch\u00e4digte Verpackung, nasse Verpackung, offene Produkte usw.). besch\u00e4digte Verpackungen, feuchte Verpackungen, offene Produkte). Die vorbehaltlose Entgegennahme der Produkte berechtigt den Benutzer nicht, bei Verlust oder Besch\u00e4digung der Produkte rechtliche Schritte gegen den Kurier und\/oder den HOGA-Agenten einzuleiten, es sei denn, der Verlust oder die Besch\u00e4digung ist auf Vorsatz oder grobe Fahrl\u00e4ssigkeit des Kuriers zur\u00fcckzuf\u00fchren und es handelt sich um einen Teilverlust oder eine Teilbesch\u00e4digung, die zum Zeitpunkt der Lieferung nicht erkennbar war, sofern im letzteren Fall der Schaden sofort nach Bekanntwerden gemeldet wird. Weist die Verpackung offensichtliche Anzeichen von Manipulationen oder Ver\u00e4nderungen auf, wird dem Benutzer ebenfalls empfohlen, den Gastronomen unverz\u00fcglich zu informieren. Sollten die erhaltenen Produkte von den bestellten abweichen, ohne dass dies dem Caterer vorher mitgeteilt und genehmigt wurde, wird dem Nutzer empfohlen, den Caterer unverz\u00fcglich zu informieren.<\/p>\n<p>5.3 Die Bestimmungen von Art. 61 des Verbraucherschutzgesetzes, wenn das gekaufte Produkt nicht oder nicht innerhalb der w\u00e4hrend des Kaufvorgangs und in der Auftragsbest\u00e4tigung angegebenen Lieferfristen geliefert wird (Vertragsaufl\u00f6sung).<\/p>\n<p><strong>6. Modalit\u00e4ten der Nutzung des Standortes<\/strong><br \/>\n6.1. Es ist gestattet, die Website ausschlie\u00dflich zu pers\u00f6nlichen, nicht kommerziellen Zwecken zu nutzen, unter Einhaltung des Gesetzes zum Schutz des Urheberrechts und des geistigen Eigentums in Bezug auf das auf der Website ver\u00f6ffentlichte Material und die Website selbst.<\/p>\n<p>6.2. der Caterer haftet nicht f\u00fcr eine vor\u00fcbergehende Unterbrechung des Betriebs der Website, auch nicht ohne vorherige Ank\u00fcndigung, auch nicht im Falle von Wartungsarbeiten oder aus Gr\u00fcnden, die au\u00dferhalb der Kontrolle des Caterers liegen.<\/p>\n<p><strong>7. R\u00fccknahme<\/strong><br \/>\n7.1. Der R\u00fccktritt ist ausdr\u00fccklich durch Art. 59 des Verbraucherschutzgesetzes (Gesetzesdekret Nr. 206\/2005), da es sich um Bestellungen von Produkten handelt, die auf Bestellung zubereitet werden und schnell verderben.<\/p>\n<p>7.2. Der Benutzer kann in jedem Fall versuchen, sich mit dem HOGA-Unternehmen in Verbindung zu setzen, um ohne vertragliche Verpflichtung zu versuchen, die gew\u00fcnschten \u00c4nderungen vorzunehmen und gegebenenfalls dem R\u00fccktritt des Benutzers zuzustimmen, bevor die Gerichte zubereitet werden, mit der Folge, da\u00df Artikel 4.2 Anwendung findet.<\/p>\n<p><strong>8. Haftung<\/strong><br \/>\n8.1. Die in den Speisekarten enthaltenen Informationen werden vom Caterer aktualisiert und detailliert angegeben. Der Caterer haftet nicht f\u00fcr das Vers\u00e4umnis des Kunden, bei der Bestellung Lebensmittelallergien und Unvertr\u00e4glichkeiten anzugeben. Wenn der Kunde f\u00fcr sich selbst oder f\u00fcr Personen, in deren Namen er bestellt, die Allergene in den Gerichten der Speisekarte \u00fcberpr\u00fcfen muss, wird er gebeten, sich vor der Bestellung direkt an das Restaurant zu wenden, um sicherzustellen, dass keine Stoffe enthalten sind, die unerw\u00fcnschte Reaktionen hervorrufen k\u00f6nnen.<\/p>\n<p><strong>9. Datenschutz<\/strong><br \/>\n9.1 Die personenbezogenen Daten der Nutzer-Kunden werden in \u00dcbereinstimmung mit der Allgemeinen Datenschutzverordnung (DSGVO) verarbeitet. 2016\/679 (GDPR) und die einschl\u00e4gigen italienischen Rechtsvorschriften. Sie k\u00f6nnen sich dar\u00fcber informieren, wie wir Ihre personenbezogenen Daten verarbeiten, indem Sie auf die auf der Website ver\u00f6ffentlichte Datenschutzerkl\u00e4rung zugreifen, die einen integralen Bestandteil dieser Bedingungen bildet.<\/p>\n<p><strong>10. Anwendbares Recht und Gerichtsbarkeit<\/strong><br \/>\n10.1 Die zwischen den Nutzern der Website und dem Restaurator geschlossenen Vertr\u00e4ge unterliegen dem italienischen Recht und f\u00fcr die in Italien ans\u00e4ssigen Verbraucher dem Gesetzesdekret Nr. 6. September 2005. 206 (Verbraucherschutzgesetz), mit besonderer Bezugnahme auf die Vorschriften f\u00fcr Fernabsatzvertr\u00e4ge, und durch das Gesetzesdekret vom 9. April 2003 Nr. 70 \u00fcber bestimmte Aspekte des elektronischen Gesch\u00e4ftsverkehrs.<\/p>\n<p>10.2 Verbraucher k\u00f6nnen vor dem Gericht des Ortes klagen, an dem sie ihren Wohnsitz\/Wohnsitz in Italien haben. Betrifft der Streitfall Verbraucher, die nicht unter das Verbrauchergesetzbuch fallen, so ist das Gericht am Sitz des Gastronomen ausschlie\u00dflich zust\u00e4ndig.<\/p>\n<p>&nbsp;<\/p>\n<p>&nbsp;<\/p>\n","protected":false},"excerpt":{"rendered":"<p>Bedingungen und Konditionen www.anticasicopoli.it, Ristorante Antica Sicopoli Srl, C.F. und [&hellip;]<\/p>\n","protected":false},"author":6,"featured_media":0,"parent":0,"menu_order":0,"comment_status":"closed","ping_status":"closed","template":"","meta":{"footnotes":""},"class_list":["post-10311","page","type-page","status-publish","hentry"],"yoast_head":"<!-- This site is optimized with the Yoast SEO plugin v20.7 - https:\/\/yoast.com\/wordpress\/plugins\/seo\/ -->\n<title>Bedingungen und Konditionen - Ristorante Antica Sicopoli<\/title>\n<meta name=\"robots\" content=\"index, follow, max-snippet:-1, max-image-preview:large, max-video-preview:-1\" \/>\n<link rel=\"canonical\" href=\"https:\/\/anticasicopoli.it\/bedingungen-und-konditionen\/\" \/>\n<meta property=\"og:locale\" content=\"de_DE\" \/>\n<meta property=\"og:type\" content=\"article\" \/>\n<meta property=\"og:title\" content=\"Bedingungen und Konditionen - Ristorante Antica Sicopoli\" \/>\n<meta property=\"og:description\" content=\"Bedingungen und Konditionen www.anticasicopoli.it, Ristorante Antica Sicopoli Srl, C.F. und [&hellip;]\" \/>\n<meta property=\"og:url\" content=\"https:\/\/anticasicopoli.it\/bedingungen-und-konditionen\/\" \/>\n<meta property=\"og:site_name\" content=\"Ristorante Antica Sicopoli\" \/>\n<meta name=\"twitter:card\" content=\"summary_large_image\" \/>\n<meta name=\"twitter:label1\" content=\"Gesch\u00e4tzte Lesezeit\" \/>\n\t<meta name=\"twitter:data1\" content=\"9\u00a0Minuten\" \/>\n<script type=\"application\/ld+json\" class=\"yoast-schema-graph\">{\"@context\":\"https:\/\/schema.org\",\"@graph\":[{\"@type\":\"WebPage\",\"@id\":\"https:\/\/anticasicopoli.it\/bedingungen-und-konditionen\/\",\"url\":\"https:\/\/anticasicopoli.it\/bedingungen-und-konditionen\/\",\"name\":\"Bedingungen und Konditionen - Ristorante Antica Sicopoli\",\"isPartOf\":{\"@id\":\"https:\/\/anticasicopoli.it\/#website\"},\"datePublished\":\"2023-05-11T14:47:35+00:00\",\"dateModified\":\"2023-05-11T14:47:35+00:00\",\"breadcrumb\":{\"@id\":\"https:\/\/anticasicopoli.it\/bedingungen-und-konditionen\/#breadcrumb\"},\"inLanguage\":\"de\",\"potentialAction\":[{\"@type\":\"ReadAction\",\"target\":[\"https:\/\/anticasicopoli.it\/bedingungen-und-konditionen\/\"]}]},{\"@type\":\"BreadcrumbList\",\"@id\":\"https:\/\/anticasicopoli.it\/bedingungen-und-konditionen\/#breadcrumb\",\"itemListElement\":[{\"@type\":\"ListItem\",\"position\":1,\"name\":\"Home\",\"item\":\"https:\/\/anticasicopoli.it\/de\/\"},{\"@type\":\"ListItem\",\"position\":2,\"name\":\"Bedingungen und Konditionen\"}]},{\"@type\":\"WebSite\",\"@id\":\"https:\/\/anticasicopoli.it\/#website\",\"url\":\"https:\/\/anticasicopoli.it\/\",\"name\":\"Ristorante Antica Sicopoli\",\"description\":\"Il Borgo del Gusto\",\"potentialAction\":[{\"@type\":\"SearchAction\",\"target\":{\"@type\":\"EntryPoint\",\"urlTemplate\":\"https:\/\/anticasicopoli.it\/?s={search_term_string}\"},\"query-input\":\"required name=search_term_string\"}],\"inLanguage\":\"de\"}]}<\/script>\n<!-- \/ Yoast SEO plugin. -->","yoast_head_json":{"title":"Bedingungen und Konditionen - Ristorante Antica Sicopoli","robots":{"index":"index","follow":"follow","max-snippet":"max-snippet:-1","max-image-preview":"max-image-preview:large","max-video-preview":"max-video-preview:-1"},"canonical":"https:\/\/anticasicopoli.it\/bedingungen-und-konditionen\/","og_locale":"de_DE","og_type":"article","og_title":"Bedingungen und Konditionen - Ristorante Antica Sicopoli","og_description":"Bedingungen und Konditionen www.anticasicopoli.it, Ristorante Antica Sicopoli Srl, C.F. und [&hellip;]","og_url":"https:\/\/anticasicopoli.it\/bedingungen-und-konditionen\/","og_site_name":"Ristorante Antica Sicopoli","twitter_card":"summary_large_image","twitter_misc":{"Gesch\u00e4tzte Lesezeit":"9\u00a0Minuten"},"schema":{"@context":"https:\/\/schema.org","@graph":[{"@type":"WebPage","@id":"https:\/\/anticasicopoli.it\/bedingungen-und-konditionen\/","url":"https:\/\/anticasicopoli.it\/bedingungen-und-konditionen\/","name":"Bedingungen und Konditionen - Ristorante Antica Sicopoli","isPartOf":{"@id":"https:\/\/anticasicopoli.it\/#website"},"datePublished":"2023-05-11T14:47:35+00:00","dateModified":"2023-05-11T14:47:35+00:00","breadcrumb":{"@id":"https:\/\/anticasicopoli.it\/bedingungen-und-konditionen\/#breadcrumb"},"inLanguage":"de","potentialAction":[{"@type":"ReadAction","target":["https:\/\/anticasicopoli.it\/bedingungen-und-konditionen\/"]}]},{"@type":"BreadcrumbList","@id":"https:\/\/anticasicopoli.it\/bedingungen-und-konditionen\/#breadcrumb","itemListElement":[{"@type":"ListItem","position":1,"name":"Home","item":"https:\/\/anticasicopoli.it\/de\/"},{"@type":"ListItem","position":2,"name":"Bedingungen und Konditionen"}]},{"@type":"WebSite","@id":"https:\/\/anticasicopoli.it\/#website","url":"https:\/\/anticasicopoli.it\/","name":"Ristorante Antica Sicopoli","description":"Il Borgo del Gusto","potentialAction":[{"@type":"SearchAction","target":{"@type":"EntryPoint","urlTemplate":"https:\/\/anticasicopoli.it\/?s={search_term_string}"},"query-input":"required name=search_term_string"}],"inLanguage":"de"}]}},"_links":{"self":[{"href":"https:\/\/anticasicopoli.it\/de\/wp-json\/wp\/v2\/pages\/10311","targetHints":{"allow":["GET"]}}],"collection":[{"href":"https:\/\/anticasicopoli.it\/de\/wp-json\/wp\/v2\/pages"}],"about":[{"href":"https:\/\/anticasicopoli.it\/de\/wp-json\/wp\/v2\/types\/page"}],"author":[{"embeddable":true,"href":"https:\/\/anticasicopoli.it\/de\/wp-json\/wp\/v2\/users\/6"}],"replies":[{"embeddable":true,"href":"https:\/\/anticasicopoli.it\/de\/wp-json\/wp\/v2\/comments?post=10311"}],"version-history":[{"count":0,"href":"https:\/\/anticasicopoli.it\/de\/wp-json\/wp\/v2\/pages\/10311\/revisions"}],"wp:attachment":[{"href":"https:\/\/anticasicopoli.it\/de\/wp-json\/wp\/v2\/media?parent=10311"}],"curies":[{"name":"wp","href":"https:\/\/api.w.org\/{rel}","templated":true}]}}